{"id":371,"date":"2016-05-11T04:22:49","date_gmt":"2016-05-11T02:22:49","guid":{"rendered":"http:\/\/www.friedenshaus-kambodscha.org\/?page_id=371&#038;lang=de"},"modified":"2016-05-11T04:22:49","modified_gmt":"2016-05-11T02:22:49","slug":"treffen-mit-dr-beat-richner-2003","status":"publish","type":"page","link":"https:\/\/www.friedenshaus-kambodscha.org\/?page_id=371","title":{"rendered":"Treffen mit Dr. Beat Richner (2003)"},"content":{"rendered":"<p>Anl\u00e4\u00dflich der Er\u00f6ffnung der neuen Frauen- und Kinderklinik Kantha Bopha III des schweizer Kinderarztes Dr. Beat Richner habe ich ihm im Namen aller kranken und armen Kinder und M\u00fctter eine Lederskulptur von unserem Friedenshaus \u00fcberreicht.<\/p>\n<p><a href=\"https:\/\/www.friedenshaus-kambodscha.org\/wp-content\/uploads\/2015\/11\/2003_Fortschritte_pic0001.jpg\"><img loading=\"lazy\" decoding=\"async\" class=\"alignnone wp-image-287 size-full\" src=\"https:\/\/www.friedenshaus-kambodscha.org\/wp-content\/uploads\/2015\/11\/2003_Fortschritte_pic0001.jpg\" alt=\"\" width=\"232\" height=\"336\" srcset=\"https:\/\/www.friedenshaus-kambodscha.org\/wp-content\/uploads\/2015\/11\/2003_Fortschritte_pic0001.jpg 232w, https:\/\/www.friedenshaus-kambodscha.org\/wp-content\/uploads\/2015\/11\/2003_Fortschritte_pic0001-207x300.jpg 207w\" sizes=\"auto, (max-width: 232px) 100vw, 232px\" \/><\/a>\u00a0<a href=\"https:\/\/www.friedenshaus-kambodscha.org\/wp-content\/uploads\/2015\/11\/2003_Fortschritte_pic0003.jpg\"><img loading=\"lazy\" decoding=\"async\" class=\"alignnone wp-image-289 size-full\" src=\"https:\/\/www.friedenshaus-kambodscha.org\/wp-content\/uploads\/2015\/11\/2003_Fortschritte_pic0003.jpg\" alt=\"\" width=\"288\" height=\"193\" \/><\/a><\/p>\n<hr \/>\n<p>Durch Hitze und Trockenheit im vegangenen Jahr gab es nur eine geringe Ernte und wenig Fische in den Fl\u00fcssen und Seen. Dies und der zunehmende Tourismus f\u00fchrten zu einer starken Verteuerung der Grundnahrungsmittel: Ein Bauer verdient umgerechnet nicht einmal 30 Cent pro Tag, ein Kilo Reis kostet bereits 70 Cent. Viele Menschen haben inzwischen nicht mehr gen\u00fcgend zu essen.<\/p>\n<p>Durch den tr\u00fcgerischen \u00e4u\u00dferen Frieden str\u00f6men viele Touristen nach Kambodscha, um die weltber\u00fchmten Tempel von Angkor Wat zu besuchen. In rasantem Tempo entstehen exclusive Hotels und Bungalows. Das Kapital kommt meist vom Ausland. \u00c4u\u00dferlich sieht man diesen Hotels und Bungalows nicht an, da\u00df sie Kambodscha und sein armes Volk weiter ruinieren. Wenn man in diese Hotels hineingeht, sieht man, da\u00df Verkleidungen, Treppen, T\u00fcren und Fensterrahmen aus Edelh\u00f6lzern vom restlichen kambodschanischen Tropenwald bestehen. Bis jetzt wurden schon zwei Drittel der kambodschanischen Tropenh\u00f6lzer zerst\u00f6rt!<\/p>\n<p>Die Waisenkinder im Friedenshaus in Siem Reap haben sich sehr \u00fcber die Geschenke und die monatliche finanzielle Unterst\u00fctzung ihrer Paten gefreut. Das ist wirkliche Entwicklungshilfe. Einige dieser Kinder musizieren jetzt auf klassischen Instrumenten, andere spielen mit Begeisterung in der neuen Fu\u00dfballmannschaft. Weitere 14 Waisenkinder warten auf Patenschaften!<\/p>\n<p><a href=\"https:\/\/www.friedenshaus-kambodscha.org\/wp-content\/uploads\/2015\/11\/2003_Fortschritte_pic0004.jpg\"><img loading=\"lazy\" decoding=\"async\" class=\"alignnone wp-image-290 size-full\" src=\"https:\/\/www.friedenshaus-kambodscha.org\/wp-content\/uploads\/2015\/11\/2003_Fortschritte_pic0004.jpg\" alt=\"\" width=\"300\" height=\"200\" \/><\/a>\u00a0<a href=\"https:\/\/www.friedenshaus-kambodscha.org\/wp-content\/uploads\/2015\/11\/2003_Fortschritte_pic0005.jpg\"><img loading=\"lazy\" decoding=\"async\" class=\"alignnone wp-image-291 size-full\" src=\"https:\/\/www.friedenshaus-kambodscha.org\/wp-content\/uploads\/2015\/11\/2003_Fortschritte_pic0005.jpg\" alt=\"\" width=\"300\" height=\"200\" \/><\/a>\u00a0<a href=\"https:\/\/www.friedenshaus-kambodscha.org\/wp-content\/uploads\/2015\/11\/2003_Fortschritte_pic0006.jpg\"><img loading=\"lazy\" decoding=\"async\" class=\"alignnone wp-image-292 size-full\" src=\"https:\/\/www.friedenshaus-kambodscha.org\/wp-content\/uploads\/2015\/11\/2003_Fortschritte_pic0006.jpg\" alt=\"\" width=\"189\" height=\"300\" \/><\/a> <a href=\"https:\/\/www.friedenshaus-kambodscha.org\/wp-content\/uploads\/2015\/11\/2003_Fortschritte_pic0007.jpg\"><img loading=\"lazy\" decoding=\"async\" class=\"alignnone wp-image-293 size-full\" src=\"https:\/\/www.friedenshaus-kambodscha.org\/wp-content\/uploads\/2015\/11\/2003_Fortschritte_pic0007.jpg\" alt=\"\" width=\"300\" height=\"190\" \/><\/a>\u00a0<a href=\"https:\/\/www.friedenshaus-kambodscha.org\/wp-content\/uploads\/2015\/11\/2003_Fortschritte_pic0008.jpg\"><img loading=\"lazy\" decoding=\"async\" class=\"alignnone wp-image-294 size-full\" src=\"https:\/\/www.friedenshaus-kambodscha.org\/wp-content\/uploads\/2015\/11\/2003_Fortschritte_pic0008.jpg\" alt=\"\" width=\"300\" height=\"200\" \/><\/a>\u00a0<a href=\"https:\/\/www.friedenshaus-kambodscha.org\/wp-content\/uploads\/2015\/11\/2003_Fortschritte_pic0002.jpg\"><img loading=\"lazy\" decoding=\"async\" class=\"alignnone wp-image-288 size-full\" src=\"https:\/\/www.friedenshaus-kambodscha.org\/wp-content\/uploads\/2015\/11\/2003_Fortschritte_pic0002.jpg\" alt=\"\" width=\"300\" height=\"200\" \/><\/a><\/p>\n","protected":false},"excerpt":{"rendered":"<p>Anl\u00e4\u00dflich der Er\u00f6ffnung der neuen Frauen- und Kinderklinik Kantha Bopha III des schweizer Kinderarztes Dr. Beat Richner habe ich ihm im Namen aller kranken und armen Kinder und M\u00fctter eine Lederskulptur von unserem Friedenshaus \u00fcberreicht. \u00a0 Durch Hitze und Trockenheit im vegangenen Jahr gab es nur eine geringe Ernte und wenig Fische in den Fl\u00fcssen &#8230; <a title=\"Treffen mit Dr. Beat Richner (2003)\" class=\"read-more\" href=\"https:\/\/www.friedenshaus-kambodscha.org\/?page_id=371\" aria-label=\"Mehr Informationen \u00fcber Treffen mit Dr. Beat Richner (2003)\">Weiterlesen<\/a><\/p>\n","protected":false},"author":1,"featured_media":0,"parent":369,"menu_order":2003,"comment_status":"closed","ping_status":"closed","template":"","meta":{"footnotes":""},"class_list":["post-371","page","type-page","status-publish"],"_links":{"self":[{"href":"https:\/\/www.friedenshaus-kambodscha.org\/index.php?rest_route=\/wp\/v2\/pages\/371","targetHints":{"allow":["GET"]}}],"collection":[{"href":"https:\/\/www.friedenshaus-kambodscha.org\/index.php?rest_route=\/wp\/v2\/pages"}],"about":[{"href":"https:\/\/www.friedenshaus-kambodscha.org\/index.php?rest_route=\/wp\/v2\/types\/page"}],"author":[{"embeddable":true,"href":"https:\/\/www.friedenshaus-kambodscha.org\/index.php?rest_route=\/wp\/v2\/users\/1"}],"replies":[{"embeddable":true,"href":"https:\/\/www.friedenshaus-kambodscha.org\/index.php?rest_route=%2Fwp%2Fv2%2Fcomments&post=371"}],"version-history":[{"count":1,"href":"https:\/\/www.friedenshaus-kambodscha.org\/index.php?rest_route=\/wp\/v2\/pages\/371\/revisions"}],"predecessor-version":[{"id":372,"href":"https:\/\/www.friedenshaus-kambodscha.org\/index.php?rest_route=\/wp\/v2\/pages\/371\/revisions\/372"}],"up":[{"embeddable":true,"href":"https:\/\/www.friedenshaus-kambodscha.org\/index.php?rest_route=\/wp\/v2\/pages\/369"}],"wp:attachment":[{"href":"https:\/\/www.friedenshaus-kambodscha.org\/index.php?rest_route=%2Fwp%2Fv2%2Fmedia&parent=371"}],"curies":[{"name":"wp","href":"https:\/\/api.w.org\/{rel}","templated":true}]}}