{"id":375,"date":"2016-05-11T04:25:48","date_gmt":"2016-05-11T02:25:48","guid":{"rendered":"http:\/\/www.friedenshaus-kambodscha.org\/?page_id=375&#038;lang=de"},"modified":"2016-05-11T04:25:48","modified_gmt":"2016-05-11T02:25:48","slug":"inthronisation-von-koenig-sihamoni-und-25-jahre-dkg-e-v-2004","status":"publish","type":"page","link":"https:\/\/www.friedenshaus-kambodscha.org\/?page_id=375","title":{"rendered":"Inthronisation von K\u00f6nig Sihamoni und 25 Jahre DKG e.V. (2004)"},"content":{"rendered":"<p>Durch das rasante Entstehen von exclusiven Hotels und Bungalows und die damit verbundene Nachfrage von Edelholz sowie durch illegale Exporte sind die kambodschanischen Tropenw\u00e4lder fast v\u00f6llig zerst\u00f6rt worden.<\/p>\n<p><a href=\"https:\/\/www.friedenshaus-kambodscha.org\/wp-content\/uploads\/2015\/11\/2004_Fortschritte_pic0001.jpg\"><img loading=\"lazy\" decoding=\"async\" class=\"alignnone wp-image-281 size-full\" src=\"https:\/\/www.friedenshaus-kambodscha.org\/wp-content\/uploads\/2015\/11\/2004_Fortschritte_pic0001.jpg\" alt=\"\" width=\"300\" height=\"225\" \/><\/a>\u00a0<a href=\"https:\/\/www.friedenshaus-kambodscha.org\/wp-content\/uploads\/2015\/11\/2004_Fortschritte_pic0002.jpg\"><img loading=\"lazy\" decoding=\"async\" class=\"alignnone wp-image-282 size-full\" src=\"https:\/\/www.friedenshaus-kambodscha.org\/wp-content\/uploads\/2015\/11\/2004_Fortschritte_pic0002.jpg\" alt=\"\" width=\"300\" height=\"225\" \/><\/a><\/p>\n<p>Au\u00dferdem zerst\u00f6ren ausl\u00e4ndische Fischer Kambodschas gr\u00f6\u00dfte Fischreserven im Tonle Sap See. Zur Zeit k\u00f6nnen sich die kambodschanischen Bauern kaum mehr Fisch leisten.<\/p>\n<p><a href=\"https:\/\/www.friedenshaus-kambodscha.org\/wp-content\/uploads\/2015\/11\/2004_Fortschritte_pic0003.jpg\"><img loading=\"lazy\" decoding=\"async\" class=\"alignnone wp-image-283 size-full\" src=\"https:\/\/www.friedenshaus-kambodscha.org\/wp-content\/uploads\/2015\/11\/2004_Fortschritte_pic0003.jpg\" alt=\"\" width=\"225\" height=\"300\" \/><\/a><\/p>\n<p>Diese Situation sowie gro\u00dfe Korruption im Land haben nach inoffiziellen Mitteilungen den alten K\u00f6nig bewogen, abzudanken. Das ganze Volk hofft, da\u00df der neue K\u00f6nig Sihamoni Volk und Land ein bi\u00dfchen mehr Gl\u00fcck bringen wird.<\/p>\n<p><a href=\"https:\/\/www.friedenshaus-kambodscha.org\/wp-content\/uploads\/2015\/11\/2004_Fortschritte_koenig.jpg\"><img loading=\"lazy\" decoding=\"async\" class=\"alignnone wp-image-280 size-full\" src=\"https:\/\/www.friedenshaus-kambodscha.org\/wp-content\/uploads\/2015\/11\/2004_Fortschritte_koenig.jpg\" alt=\"\" width=\"188\" height=\"300\" \/><\/a><\/p>\n<p>&nbsp;<\/p>\n","protected":false},"excerpt":{"rendered":"<p>Durch das rasante Entstehen von exclusiven Hotels und Bungalows und die damit verbundene Nachfrage von Edelholz sowie durch illegale Exporte sind die kambodschanischen Tropenw\u00e4lder fast v\u00f6llig zerst\u00f6rt worden. \u00a0 Au\u00dferdem zerst\u00f6ren ausl\u00e4ndische Fischer Kambodschas gr\u00f6\u00dfte Fischreserven im Tonle Sap See. Zur Zeit k\u00f6nnen sich die kambodschanischen Bauern kaum mehr Fisch leisten. Diese Situation sowie gro\u00dfe &#8230; <a title=\"Inthronisation von K\u00f6nig Sihamoni und 25 Jahre DKG e.V. (2004)\" class=\"read-more\" href=\"https:\/\/www.friedenshaus-kambodscha.org\/?page_id=375\" aria-label=\"Mehr Informationen \u00fcber Inthronisation von K\u00f6nig Sihamoni und 25 Jahre DKG e.V. (2004)\">Weiterlesen<\/a><\/p>\n","protected":false},"author":1,"featured_media":0,"parent":369,"menu_order":2004,"comment_status":"closed","ping_status":"closed","template":"","meta":{"footnotes":""},"class_list":["post-375","page","type-page","status-publish"],"_links":{"self":[{"href":"https:\/\/www.friedenshaus-kambodscha.org\/index.php?rest_route=\/wp\/v2\/pages\/375","targetHints":{"allow":["GET"]}}],"collection":[{"href":"https:\/\/www.friedenshaus-kambodscha.org\/index.php?rest_route=\/wp\/v2\/pages"}],"about":[{"href":"https:\/\/www.friedenshaus-kambodscha.org\/index.php?rest_route=\/wp\/v2\/types\/page"}],"author":[{"embeddable":true,"href":"https:\/\/www.friedenshaus-kambodscha.org\/index.php?rest_route=\/wp\/v2\/users\/1"}],"replies":[{"embeddable":true,"href":"https:\/\/www.friedenshaus-kambodscha.org\/index.php?rest_route=%2Fwp%2Fv2%2Fcomments&post=375"}],"version-history":[{"count":1,"href":"https:\/\/www.friedenshaus-kambodscha.org\/index.php?rest_route=\/wp\/v2\/pages\/375\/revisions"}],"predecessor-version":[{"id":376,"href":"https:\/\/www.friedenshaus-kambodscha.org\/index.php?rest_route=\/wp\/v2\/pages\/375\/revisions\/376"}],"up":[{"embeddable":true,"href":"https:\/\/www.friedenshaus-kambodscha.org\/index.php?rest_route=\/wp\/v2\/pages\/369"}],"wp:attachment":[{"href":"https:\/\/www.friedenshaus-kambodscha.org\/index.php?rest_route=%2Fwp%2Fv2%2Fmedia&parent=375"}],"curies":[{"name":"wp","href":"https:\/\/api.w.org\/{rel}","templated":true}]}}