{"id":377,"date":"2016-05-11T04:29:30","date_gmt":"2016-05-11T02:29:30","guid":{"rendered":"http:\/\/www.friedenshaus-kambodscha.org\/?page_id=377&#038;lang=de"},"modified":"2016-05-11T04:29:30","modified_gmt":"2016-05-11T02:29:30","slug":"audienz-beim-koenig-und-eine-filiale-des-friedenshauses-entsteht-2005","status":"publish","type":"page","link":"https:\/\/www.friedenshaus-kambodscha.org\/?page_id=377","title":{"rendered":"Audienz beim K\u00f6nig und eine Filiale des Friedenshauses entsteht (2005)"},"content":{"rendered":"<p>Auf meine Bitte hin hat der neue K\u00f6nig mir erlaubt, ihn zu besuchen! Am 30.03.05 wurde ich im Palast von K\u00f6nig Sihamoni empfangen.Nach dem Bericht \u00fcber die Aktivit\u00e4ten in unserem &#8220;House of Peace&#8221; hat der K\u00f6nig aus seinen pers\u00f6nlichen Mitteln 1000,00 US $ f\u00fcr unser Projekt gespendet. Es ist f\u00fcr Kambodscha eine gro\u00dfe Summe und f\u00fcr mich eine gro\u00dfe Ehre und ein gro\u00dfer Ansporn, f\u00fcr unser gemeinsames Projekt Friedenshaus weiter zu k\u00e4mpfen.<\/p>\n<p>Von den Geldgeschenken der Pateneltern habe ich jedem Kind eine Packung Kekse gekauft. Au\u00dferdem wurden auf Wunsch der Kinder noch Malhefte, Malstifte, Bleistifte und Kugelschreiber gekauft. Ein nachgereistes Patenelternpaar hat viel Spielzeug gesammelt und an jedes einzelne Kind verteilt. Ein unbekannter Tourist oder eine Touristin hat ebenfalls einen Sack mit Spielzeug im Friedenshaus hinterlassen. Diesem pers\u00f6nlichen Engagement gilt unser besonderer Dank!<\/p>\n<p><a href=\"https:\/\/www.friedenshaus-kambodscha.org\/wp-content\/uploads\/2015\/11\/2005_Fortschritte_Patenkinder.jpg\"><img loading=\"lazy\" decoding=\"async\" class=\"alignnone wp-image-268 size-full\" src=\"https:\/\/www.friedenshaus-kambodscha.org\/wp-content\/uploads\/2015\/11\/2005_Fortschritte_Patenkinder.jpg\" alt=\"\" width=\"300\" height=\"225\" \/><\/a><\/p>\n<p>Meinen Besuch in diesem Jahr habe ich mit einem weinenden und einem lachenden Auge abgestattet. Unmittelbar nach dem Tod meines Verwandten, der sich um die Anpflanzung von Artemisia gek\u00fcmmert hat, hatte ich noch niemanden gefunden, der dieser Aufgabe gewachsen war. Die Artemisiapflanzen waren fast alle abgestorben; von urspr\u00fcnglich 350 Pflanzen waren nur noch 10 \u00fcbrig. Jetzt habe ich einen G\u00e4rtner gefunden, der bereit ist, diese Pflanzen zu retten und ich habe erfahren, da\u00df er beginnt, die Pflanzen zu vermehren.<\/p>\n<p>Erfreulich war auch die Nachricht, da\u00df der Grundgedanke des &#8220;House of Peace&#8221; an einem anderen Ort weiterlebt: Ein junger Mann, der bei uns gelernt hat, die Schattentheaterfiguren herzustellen und die Schule des &#8220;House of Peace&#8221; erfolgreich absolvierte, hat in der Umgebung eines ca. 20 km von Siem Reap entfernten Tempels eine eigene Schule f\u00fcr diese Kunst gegr\u00fcndet und bildet dort derzeit 30 Waisenkinder im Alter zwischen 12 und 16 Jahren aus. Da der junge Mann nicht genug Geld hat, um die Sch\u00fcler zu verpflegen, hat unsere Gesellschaft finanzielle Hilfe f\u00fcr den Kauf von Reis zugesagt.<\/p>\n<p><a href=\"https:\/\/www.friedenshaus-kambodscha.org\/wp-content\/uploads\/2015\/11\/2005_Fortschritte_Neue_Schule_1.jpg\"><img loading=\"lazy\" decoding=\"async\" class=\"alignnone wp-image-270 size-full\" src=\"https:\/\/www.friedenshaus-kambodscha.org\/wp-content\/uploads\/2015\/11\/2005_Fortschritte_Neue_Schule_1.jpg\" alt=\"\" width=\"300\" height=\"222\" \/><\/a>\u00a0<a href=\"https:\/\/www.friedenshaus-kambodscha.org\/wp-content\/uploads\/2015\/11\/2005_Fortschritte_Neue_Schule_2.jpg\"><img loading=\"lazy\" decoding=\"async\" class=\"alignnone wp-image-271 size-full\" src=\"https:\/\/www.friedenshaus-kambodscha.org\/wp-content\/uploads\/2015\/11\/2005_Fortschritte_Neue_Schule_2.jpg\" alt=\"\" width=\"300\" height=\"220\" \/><\/a><\/p>\n<p>Ein Patenelternpaar hat unserer Fu\u00dfballmannschaft Trikots geschenkt. Unsere Mannschaft vertritt die Sch\u00fclermannschaft der Provinz Siem Reap und hat die Bronzemedaille bei einem Wettkampf aller Provinzen Kambodschas erhalten.<\/p>\n<p><a href=\"https:\/\/www.friedenshaus-kambodscha.org\/wp-content\/uploads\/2015\/11\/2005_Fortschritte_Sportler.jpg\"><img loading=\"lazy\" decoding=\"async\" class=\"alignnone wp-image-273 size-full\" src=\"https:\/\/www.friedenshaus-kambodscha.org\/wp-content\/uploads\/2015\/11\/2005_Fortschritte_Sportler.jpg\" alt=\"\" width=\"300\" height=\"225\" \/><\/a><\/p>\n<p>Unsere Patenkinder, die deutsche Pateneltern haben, haben gro\u00dfe Fortschritte gemacht. Sie alle haben Hoffnung auf eine gute Zukunft und strengen sich daher sehr in der Schule an. Sie lernen malen, musizieren und einige auch meditieren.<\/p>\n<p><a href=\"https:\/\/www.friedenshaus-kambodscha.org\/wp-content\/uploads\/2015\/11\/2005_Fortschritte_Musiker.jpg\"><img loading=\"lazy\" decoding=\"async\" class=\"alignnone wp-image-275 size-full\" src=\"https:\/\/www.friedenshaus-kambodscha.org\/wp-content\/uploads\/2015\/11\/2005_Fortschritte_Musiker.jpg\" alt=\"\" width=\"300\" height=\"200\" \/><\/a>\u00a0<a href=\"https:\/\/www.friedenshaus-kambodscha.org\/wp-content\/uploads\/2015\/11\/2005_Fortschritte_Zeichnen.jpg\"><img loading=\"lazy\" decoding=\"async\" class=\"alignnone wp-image-276 size-full\" src=\"https:\/\/www.friedenshaus-kambodscha.org\/wp-content\/uploads\/2015\/11\/2005_Fortschritte_Zeichnen.jpg\" alt=\"\" width=\"300\" height=\"200\" \/><\/a><\/p>\n","protected":false},"excerpt":{"rendered":"<p>Auf meine Bitte hin hat der neue K\u00f6nig mir erlaubt, ihn zu besuchen! Am 30.03.05 wurde ich im Palast von K\u00f6nig Sihamoni empfangen.Nach dem Bericht \u00fcber die Aktivit\u00e4ten in unserem &#8220;House of Peace&#8221; hat der K\u00f6nig aus seinen pers\u00f6nlichen Mitteln 1000,00 US $ f\u00fcr unser Projekt gespendet. Es ist f\u00fcr Kambodscha eine gro\u00dfe Summe und &#8230; <a title=\"Audienz beim K\u00f6nig und eine Filiale des Friedenshauses entsteht (2005)\" class=\"read-more\" href=\"https:\/\/www.friedenshaus-kambodscha.org\/?page_id=377\" aria-label=\"Mehr Informationen \u00fcber Audienz beim K\u00f6nig und eine Filiale des Friedenshauses entsteht (2005)\">Weiterlesen<\/a><\/p>\n","protected":false},"author":1,"featured_media":0,"parent":369,"menu_order":2005,"comment_status":"closed","ping_status":"closed","template":"","meta":{"footnotes":""},"class_list":["post-377","page","type-page","status-publish"],"_links":{"self":[{"href":"https:\/\/www.friedenshaus-kambodscha.org\/index.php?rest_route=\/wp\/v2\/pages\/377","targetHints":{"allow":["GET"]}}],"collection":[{"href":"https:\/\/www.friedenshaus-kambodscha.org\/index.php?rest_route=\/wp\/v2\/pages"}],"about":[{"href":"https:\/\/www.friedenshaus-kambodscha.org\/index.php?rest_route=\/wp\/v2\/types\/page"}],"author":[{"embeddable":true,"href":"https:\/\/www.friedenshaus-kambodscha.org\/index.php?rest_route=\/wp\/v2\/users\/1"}],"replies":[{"embeddable":true,"href":"https:\/\/www.friedenshaus-kambodscha.org\/index.php?rest_route=%2Fwp%2Fv2%2Fcomments&post=377"}],"version-history":[{"count":1,"href":"https:\/\/www.friedenshaus-kambodscha.org\/index.php?rest_route=\/wp\/v2\/pages\/377\/revisions"}],"predecessor-version":[{"id":378,"href":"https:\/\/www.friedenshaus-kambodscha.org\/index.php?rest_route=\/wp\/v2\/pages\/377\/revisions\/378"}],"up":[{"embeddable":true,"href":"https:\/\/www.friedenshaus-kambodscha.org\/index.php?rest_route=\/wp\/v2\/pages\/369"}],"wp:attachment":[{"href":"https:\/\/www.friedenshaus-kambodscha.org\/index.php?rest_route=%2Fwp%2Fv2%2Fmedia&parent=377"}],"curies":[{"name":"wp","href":"https:\/\/api.w.org\/{rel}","templated":true}]}}