{"id":390,"date":"2016-05-11T04:58:30","date_gmt":"2016-05-11T02:58:30","guid":{"rendered":"http:\/\/www.friedenshaus-kambodscha.org\/?page_id=390&#038;lang=de"},"modified":"2026-03-29T18:40:47","modified_gmt":"2026-03-29T16:40:47","slug":"unterstuetzung-spenden-mitgliedschaft","status":"publish","type":"page","link":"https:\/\/www.friedenshaus-kambodscha.org\/?page_id=390","title":{"rendered":"Spenden \/ Mitgliedschaft"},"content":{"rendered":"<div><strong>Spenden<\/strong><\/div>\n<div><\/div>\n<div>Da die Deutsch-Kambodschanische-Gesellschaft und das House-of-Peace (Friedenshaus) sich vollst\u00e4ndig \u00fcber Spenden finanziert, w\u00e4re unsere Arbeit ohne diese Unterst\u00fctzung nicht mehr leistbar.<\/div>\n<div><\/div>\n<div>Bitte unterst\u00fctzen sie das Friedenshaus mit ihrer Spende und helfen Sie uns beim Kampf gegen die Armut und f\u00fcr den Frieden in Kambodscha.<\/div>\n<div><\/div>\n<div>Ihre Spende ist steuerlich absetzbar. Bitte teilen Sie uns ihre Adresse mit, damit wir ihnen die Spendenbescheinigung zukommen lassen.<\/div>\n<div><\/div>\n<div>Bei Spenden \u00fcber 100\u20ac wird ihr Name, sofern Sie es w\u00fcnschen, am Friedenshaus im Siem Reap auf der Spendertafel eingraviert.<\/div>\n<div><\/div>\n<div>Spendendetails:<\/div>\n<div><\/div>\n<div>VR-Bank Ostalb eG<\/div>\n<div>IBAN DE13614901501118008006<\/div>\n<div>BIC\/SWIFT Code: GENODES1AAV<\/div>\n<div><\/div>\n<div>Die Waisenkinder aus Siem Reap \/ Angkor danken ihn ganz herzlich.<\/div>\n<div><\/div>\n<div><\/div>\n<div><\/div>\n<div><strong>Mitgliedschaft<\/strong><\/div>\n<div><\/div>\n<div>M\u00f6chten Sie gerne Mitglied der Deutsch-Kambodschanischen-Gesellschaft werden?<\/div>\n<div>Bitte melden Sie sich per Mail bei uns.<\/div>\n<div><\/div>\n<div>Die aktuellen Mitgliedsbeitr\u00e4ge belaufen sie auf:<\/div>\n<div><\/div>\n<div>\u20ac50 pro Jahr f\u00fcr Einzelmitgliedschaften<\/div>\n<div>\u20ac70 pro Jahr f\u00fcr eine Familienmitgliedschaft<\/div>\n<div>\u20ac10 pro Jahr f\u00fcr Rentner\/Pension\u00e4re<\/div>\n<div><\/div>\n<div>Die Waisen von Siem Reap sagen &#8220;Danke&#8221;<\/div>\n","protected":false},"excerpt":{"rendered":"<p>Spenden Da die Deutsch-Kambodschanische-Gesellschaft und das House-of-Peace (Friedenshaus) sich vollst\u00e4ndig \u00fcber Spenden finanziert, w\u00e4re unsere Arbeit ohne diese Unterst\u00fctzung nicht mehr leistbar. Bitte unterst\u00fctzen sie das Friedenshaus mit ihrer Spende und helfen Sie uns beim Kampf gegen die Armut und f\u00fcr den Frieden in Kambodscha. Ihre Spende ist steuerlich absetzbar. Bitte teilen Sie uns ihre &#8230; <a title=\"Spenden \/ Mitgliedschaft\" class=\"read-more\" href=\"https:\/\/www.friedenshaus-kambodscha.org\/?page_id=390\" aria-label=\"Mehr Informationen \u00fcber Spenden \/ Mitgliedschaft\">Weiterlesen<\/a><\/p>\n","protected":false},"author":1,"featured_media":0,"parent":392,"menu_order":500,"comment_status":"closed","ping_status":"closed","template":"","meta":{"footnotes":""},"class_list":["post-390","page","type-page","status-publish"],"_links":{"self":[{"href":"https:\/\/www.friedenshaus-kambodscha.org\/index.php?rest_route=\/wp\/v2\/pages\/390","targetHints":{"allow":["GET"]}}],"collection":[{"href":"https:\/\/www.friedenshaus-kambodscha.org\/index.php?rest_route=\/wp\/v2\/pages"}],"about":[{"href":"https:\/\/www.friedenshaus-kambodscha.org\/index.php?rest_route=\/wp\/v2\/types\/page"}],"author":[{"embeddable":true,"href":"https:\/\/www.friedenshaus-kambodscha.org\/index.php?rest_route=\/wp\/v2\/users\/1"}],"replies":[{"embeddable":true,"href":"https:\/\/www.friedenshaus-kambodscha.org\/index.php?rest_route=%2Fwp%2Fv2%2Fcomments&post=390"}],"version-history":[{"count":6,"href":"https:\/\/www.friedenshaus-kambodscha.org\/index.php?rest_route=\/wp\/v2\/pages\/390\/revisions"}],"predecessor-version":[{"id":1106,"href":"https:\/\/www.friedenshaus-kambodscha.org\/index.php?rest_route=\/wp\/v2\/pages\/390\/revisions\/1106"}],"up":[{"embeddable":true,"href":"https:\/\/www.friedenshaus-kambodscha.org\/index.php?rest_route=\/wp\/v2\/pages\/392"}],"wp:attachment":[{"href":"https:\/\/www.friedenshaus-kambodscha.org\/index.php?rest_route=%2Fwp%2Fv2%2Fmedia&parent=390"}],"curies":[{"name":"wp","href":"https:\/\/api.w.org\/{rel}","templated":true}]}}