{"id":394,"date":"2016-05-11T05:03:38","date_gmt":"2016-05-11T03:03:38","guid":{"rendered":"http:\/\/www.friedenshaus-kambodscha.org\/?page_id=394&#038;lang=de"},"modified":"2016-05-11T05:03:38","modified_gmt":"2016-05-11T03:03:38","slug":"aufgaben","status":"publish","type":"page","link":"https:\/\/www.friedenshaus-kambodscha.org\/?page_id=394","title":{"rendered":"Aufgaben"},"content":{"rendered":"<p>Nach der offiziellen Erlaubnis wurden folgende Geb\u00e4ude errichtet:<\/p>\n<ul>\n<li>Ein neues Haus mit drei Klassenzimmern f\u00fcr die staatliche Grundschule. Es tr\u00e4gt den Namen meines Vaters,\u00a0&#8220;Chan Thong Roun&#8221;, weil er als erster kambodschanischer Lehrer seit 1952 erkannt hat, da\u00df die Erziehungsmethode nach franz\u00f6sischem Modell dem Khmer-Volk nicht dient.<\/li>\n<li>Ein gro\u00dfes neues Geb\u00e4ude von ca. 40m L\u00e4nge und 20m Breite als Berufsschule mit dem Namen &#8220;Khmer Angkor Thom&#8221;. Es ist Atelier f\u00fcr die Schattentheaterfigurenherstellung sowie Verkaufs-, Unterrichts-, Vortrags- und Meditationsraum.<\/li>\n<li>Ein altes Geb\u00e4ude, das mein Vater damals mit der Bev\u00f6lkerung erbaut hat. Dieses Haus wurde renoviert und ist ebenfalls f\u00fcr die staatliche Schule reserviert.<\/li>\n<\/ul>\n<p>Weitere Geb\u00e4ude sind geplant:<\/p>\n<ul>\n<li>Eines zur Herstellung traditioneller kambodschanischer Medizin<\/li>\n<li>eines f\u00fcr die Bienenzucht<\/li>\n<\/ul>\n<p>Die Mitgliederversammlung des Vereins &#8220;Friedenshaus&#8221; hat f\u00fcr den Gesamtkomplex den Namen &#8220;House of Peace Preah Sihanouk Santereach&#8221; gew\u00e4hlt. Das bedeutet &#8220;Friedenshaus in der friedlichen Herrschaft des K\u00f6nigs Sihanouk&#8221;.<\/p>\n<p>In unserer Schule lernen insgesamt etwa 470 Sch\u00fcler.<\/p>\n<p>Am 19.05.1999 wurden in Anwesenheit von K\u00f6nig Sihanouk und K\u00f6nigin Monique die sch\u00f6nen neuen Geb\u00e4ude eingeweiht. Der normale Unterricht findet in den beiden kleineren H\u00e4usern statt, w\u00e4hrend sich unsere Sch\u00fcler im gro\u00dfen Hauptgeb\u00e4ude auf ihren k\u00fcnftigen Beruf vorbereiten:<\/p>\n<ul>\n<li>Die Herstellung von Schattentheaterfiguren<\/li>\n<li>N\u00e4hen und Stricken<\/li>\n<li>Sprachunterricht (Deutsch, Englisch, Japanisch, Franz\u00f6sisch) um sp\u00e4ter als Dolmetscher oder Touristenf\u00fcher zu arbeiten.<\/li>\n<li>Die Ausbildung zum Computerfachmann<\/li>\n<\/ul>\n<p>Dank zahlreicher Spenden konnte im Juni 2003 unser Computerkabinett er\u00f6ffnet werden. Das Friedenshaus ist damit die erste Schule in Siem Reap, die kostenlosen Computerunterricht anbietet.<\/p>\n<p>In den weiteren Geb\u00e4uden, die noch hinzukommen sollen, sind sp\u00e4ter folgende Berufsausbildungen geplant:<\/p>\n<ul>\n<li>Heiler f\u00fcr traditionelle kambodschanische Medizin (Krous Khmer)<\/li>\n<li>Landwirt oder G\u00e4rtner f\u00fcr den Anbau von Heilpflanzen<\/li>\n<li>Imker<\/li>\n<\/ul>\n","protected":false},"excerpt":{"rendered":"<p>Nach der offiziellen Erlaubnis wurden folgende Geb\u00e4ude errichtet: Ein neues Haus mit drei Klassenzimmern f\u00fcr die staatliche Grundschule. Es tr\u00e4gt den Namen meines Vaters,\u00a0&#8220;Chan Thong Roun&#8221;, weil er als erster kambodschanischer Lehrer seit 1952 erkannt hat, da\u00df die Erziehungsmethode nach franz\u00f6sischem Modell dem Khmer-Volk nicht dient. Ein gro\u00dfes neues Geb\u00e4ude von ca. 40m L\u00e4nge und &#8230; <a title=\"Aufgaben\" class=\"read-more\" href=\"https:\/\/www.friedenshaus-kambodscha.org\/?page_id=394\" aria-label=\"Mehr Informationen \u00fcber Aufgaben\">Weiterlesen<\/a><\/p>\n","protected":false},"author":1,"featured_media":0,"parent":392,"menu_order":100,"comment_status":"closed","ping_status":"closed","template":"","meta":{"footnotes":""},"class_list":["post-394","page","type-page","status-publish"],"_links":{"self":[{"href":"https:\/\/www.friedenshaus-kambodscha.org\/index.php?rest_route=\/wp\/v2\/pages\/394","targetHints":{"allow":["GET"]}}],"collection":[{"href":"https:\/\/www.friedenshaus-kambodscha.org\/index.php?rest_route=\/wp\/v2\/pages"}],"about":[{"href":"https:\/\/www.friedenshaus-kambodscha.org\/index.php?rest_route=\/wp\/v2\/types\/page"}],"author":[{"embeddable":true,"href":"https:\/\/www.friedenshaus-kambodscha.org\/index.php?rest_route=\/wp\/v2\/users\/1"}],"replies":[{"embeddable":true,"href":"https:\/\/www.friedenshaus-kambodscha.org\/index.php?rest_route=%2Fwp%2Fv2%2Fcomments&post=394"}],"version-history":[{"count":1,"href":"https:\/\/www.friedenshaus-kambodscha.org\/index.php?rest_route=\/wp\/v2\/pages\/394\/revisions"}],"predecessor-version":[{"id":395,"href":"https:\/\/www.friedenshaus-kambodscha.org\/index.php?rest_route=\/wp\/v2\/pages\/394\/revisions\/395"}],"up":[{"embeddable":true,"href":"https:\/\/www.friedenshaus-kambodscha.org\/index.php?rest_route=\/wp\/v2\/pages\/392"}],"wp:attachment":[{"href":"https:\/\/www.friedenshaus-kambodscha.org\/index.php?rest_route=%2Fwp%2Fv2%2Fmedia&parent=394"}],"curies":[{"name":"wp","href":"https:\/\/api.w.org\/{rel}","templated":true}]}}