{"id":396,"date":"2016-05-11T05:06:36","date_gmt":"2016-05-11T03:06:36","guid":{"rendered":"http:\/\/www.friedenshaus-kambodscha.org\/?page_id=396&#038;lang=de"},"modified":"2016-05-11T05:06:36","modified_gmt":"2016-05-11T03:06:36","slug":"ziele","status":"publish","type":"page","link":"https:\/\/www.friedenshaus-kambodscha.org\/?page_id=396","title":{"rendered":"Ziele"},"content":{"rendered":"<p><span style=\"text-decoration: underline;\">1. Antwort und L\u00f6sung des Problems &#8220;Warum sind die Kambodschaner arm?&#8221;<\/span><\/p>\n<p>Nach meiner Erkenntnis sind die Kambodschaner und viele andere V\u00f6lker der Dritten Welt arm geblieben, weil sie nicht gelernt haben zu dienen! Vor der franz\u00f6sischen Besatzung brachten die buddhistischen M\u00f6nche in der Schule auf dem Gel\u00e4nde der Pagode den Sch\u00fclern folgenden Satz bei: &#8220;M\u00f6ge ich dienen, um vollkommen zu sein, m\u00f6ge ich vollkommen sein, um zu dienen.&#8221;<\/p>\n<p>W\u00e4hrend der franz\u00f6sischen Besatzung gab es nur die staatliche Schule nach westlichem Vorbild. Hier wird gelehrt, wie man Geld ausgibt, aber nicht mehr, wie man dient. Ein asiatischer Weiser hat gesagt: &#8220;Wenn man einem Mann einen Fisch schenkt, kann er sich einen Tag lang ern\u00e4hren. Aber wenn man ihm beibringt zu angeln, kann er sich sein Leben lang ern\u00e4hren!&#8221;<\/p>\n<p>Unser Friedenshaus will nicht nur, da\u00df der Mann \u00fcberlebt, sondern wir ihm auch zeigen, aus dem Fisch ein schmackhaftes Gericht herzustellen, das er verkaufen und damit die ganze Familie ern\u00e4hren kann.<\/p>\n<p>In unserer Schule lernen die Waisenkinder die Kunst, wie man Schattentheaterfiguren herstellt. Dadurch wird die Kambodschanische Kunst und Kultur unterrichtet und erhalten, die Traditionen bleiben lebendig, und die Kinder haben viel Freude daran. Mit dem Erl\u00f6s der an Touristen verkauften Schattentheaterfiguren k\u00f6nnen Lehrer und Sch\u00fcler unterst\u00fctzt werden.<\/p>\n<p>Das ist wahre &#8220;Hilfe zur Selbsthilfe&#8221;.<\/p>\n<p>Au\u00dferdem lehren wir die Kinder, wie rechter Lebenserwerb (Samma-achivo) funktioniert: Dies ist die erste Schule gegen Diebstahl und Korruption in Kambodscha.<\/p>\n<p>&nbsp;<\/p>\n<p><span style=\"text-decoration: underline;\">2. Antwort und L\u00f6sung des Problems &#8220;Warum sind die Kambodschaner krank?&#8221;<\/span><\/p>\n<p>In Kambodscha gibt es viele Krankheiten:<\/p>\n<ul>\n<li>Durch kontaminiertes Wasser und Nahrungsmittel (z.B. Hepatitis, Typhus, Cholera, Ruhr u.a.)<\/li>\n<li>durch Insekten wie M\u00fccken oder Stechfliegen (z.B. Malaria)<\/li>\n<li>durch schlechte hygienische Verh\u00e4ltnisse (z.B. Durchfall-, Wurm- oder Hauterkrankungen)<\/li>\n<li>durch Mangel an entstprechender sozialer Erziehung (z.B. AIDS, Syphillis, Gonorrhoe etc.)<\/li>\n<li>durch Armut<\/li>\n<\/ul>\n<p>Hier will das Friedenshaus die traditionellen kambodschanischen Heiler ausbilden. Au\u00dferdem denken wir an die Ausbildung von Gesundheitserziehern, die in den kleinen D\u00f6rfern mit der Bev\u00f6lkerung Kontakt haben. M\u00f6nche oder Jugendliche, die in den Pagoden gelebt und gelernt haben, eingen sich hierf\u00fcr besonders gut, da sie bei den Menschen ein hohes Ansehen genie\u00dfen. Wegen der hohen Kindersterblichkeit m\u00f6chten wir auch Kinderpflegerinnen und Familienberaterinnen unterrichten.<\/p>\n<p>Wir planen auch ein &#8220;mobiles Friedenshaus&amp;&#8221;, das in verschieden Provinzen und D\u00f6rfern w\u00e4hrend der heiligen buddhistischen Feiertage den Gl\u00e4ubigen Videofilme \u00fcber Gesundheitsrisiken zeigt.<\/p>\n<p>Zur L\u00f6sung des Malariaproblems will das Friedenshaus den Anbau von Heilpflanzen propagieren und f\u00f6rdern, aus denen Medikamente gegen Malaria hergestellt werden k\u00f6nnen. J\u00e4hrlich sterben in der Welt \u00fcber 25 Millionen Menschen an Malaria!<\/p>\n<p>Zur Vorbeugung von AIDS sollen nicht nur die Gesundheitserzieher aktiv sein, sondern auch die buddhistischen M\u00f6nche sollen sich mehr in dieser Problematik engagieren. Kambodschaner und Kambodschanerinnen, die an Buddha glauben, sollen nicht nur zu Buddha beten, sondern sie sollen auch die Buddhalehre (Panchasila) praktizieren!<\/p>\n<p>&nbsp;<\/p>\n<p><span style=\"text-decoration: underline;\">3. Antwort und L\u00f6sung des Problems &#8220;Warum gab es so lange Kriege in Kambodscha?&#8221;<\/span><\/p>\n<p>Seit 1597, nach der Zerst\u00f6rung der Stadt Lovek durch die Thai-Armee, litt das Khmer-Volk unter langen Bruderkriegen. Warum streiten sich die kambodschanischen Intellektuellen?<\/p>\n<p>Bei dem letzten Krieg, der \u00fcber 20 Jahre gedauert hat, bin ich der Meinung, da\u00df die meisten kambodschanischen Intellektuellen und Politiker durch ihre Ausbildung im Ausland (USA, Westeuropa, Osteuropa und anderen kommunistischen L\u00e4ndern) an folgenden gro\u00dfen Krankheiten leiden<\/p>\n<ul>\n<li>Gier<\/li>\n<li>Hass<\/li>\n<li>Neid<\/li>\n<li>Verblendung<\/li>\n<\/ul>\n<p>Ausl\u00e4ndische M\u00e4chte bezahlen kambodschanische Politiker, damit diese gegen ihr eigenes Volk Krieg f\u00fchren. In Kambodscha gibt es nur wenige Vorbilder. Unsere Intellektuellen m\u00fcssen die Buddhalehre (Panchasila) praktizieren. Au\u00dferdem sollte es eine Schule geben, die ihnen die vier Brahmaviharas (Metta, Karuna, Mudita und Upekkha) beibringt.<\/p>\n<p>Kambodscha braucht nicht nur Buddhas, sondern auch dringend Boddhisattwas! Daf\u00fcr hat K\u00f6nig Jayavarman VII den weltber\u00fchmten Tempel Bayon in Angkor Thom gebaut, um allen sp\u00e4teren Khmer-F\u00fchren zu zeigen, da\u00df der einzige Weg, um unser Volk zu retten, Frieden, liebende G\u00fcte und Mitgef\u00fchl untereinander ist.<\/p>\n","protected":false},"excerpt":{"rendered":"<p>1. Antwort und L\u00f6sung des Problems &#8220;Warum sind die Kambodschaner arm?&#8221; Nach meiner Erkenntnis sind die Kambodschaner und viele andere V\u00f6lker der Dritten Welt arm geblieben, weil sie nicht gelernt haben zu dienen! Vor der franz\u00f6sischen Besatzung brachten die buddhistischen M\u00f6nche in der Schule auf dem Gel\u00e4nde der Pagode den Sch\u00fclern folgenden Satz bei: &#8220;M\u00f6ge &#8230; <a title=\"Ziele\" class=\"read-more\" href=\"https:\/\/www.friedenshaus-kambodscha.org\/?page_id=396\" aria-label=\"Mehr Informationen \u00fcber Ziele\">Weiterlesen<\/a><\/p>\n","protected":false},"author":1,"featured_media":0,"parent":392,"menu_order":200,"comment_status":"closed","ping_status":"closed","template":"","meta":{"footnotes":""},"class_list":["post-396","page","type-page","status-publish"],"_links":{"self":[{"href":"https:\/\/www.friedenshaus-kambodscha.org\/index.php?rest_route=\/wp\/v2\/pages\/396","targetHints":{"allow":["GET"]}}],"collection":[{"href":"https:\/\/www.friedenshaus-kambodscha.org\/index.php?rest_route=\/wp\/v2\/pages"}],"about":[{"href":"https:\/\/www.friedenshaus-kambodscha.org\/index.php?rest_route=\/wp\/v2\/types\/page"}],"author":[{"embeddable":true,"href":"https:\/\/www.friedenshaus-kambodscha.org\/index.php?rest_route=\/wp\/v2\/users\/1"}],"replies":[{"embeddable":true,"href":"https:\/\/www.friedenshaus-kambodscha.org\/index.php?rest_route=%2Fwp%2Fv2%2Fcomments&post=396"}],"version-history":[{"count":1,"href":"https:\/\/www.friedenshaus-kambodscha.org\/index.php?rest_route=\/wp\/v2\/pages\/396\/revisions"}],"predecessor-version":[{"id":397,"href":"https:\/\/www.friedenshaus-kambodscha.org\/index.php?rest_route=\/wp\/v2\/pages\/396\/revisions\/397"}],"up":[{"embeddable":true,"href":"https:\/\/www.friedenshaus-kambodscha.org\/index.php?rest_route=\/wp\/v2\/pages\/392"}],"wp:attachment":[{"href":"https:\/\/www.friedenshaus-kambodscha.org\/index.php?rest_route=%2Fwp%2Fv2%2Fmedia&parent=396"}],"curies":[{"name":"wp","href":"https:\/\/api.w.org\/{rel}","templated":true}]}}