{"id":741,"date":"2018-09-18T21:25:57","date_gmt":"2018-09-18T19:25:57","guid":{"rendered":"https:\/\/www.friedenshaus-kambodscha.org\/?page_id=741"},"modified":"2019-12-23T11:27:40","modified_gmt":"2019-12-23T10:27:40","slug":"der-vorstand","status":"publish","type":"page","link":"https:\/\/www.friedenshaus-kambodscha.org\/?page_id=741","title":{"rendered":"Der Vorstand"},"content":{"rendered":"<p>Auf der Mitgliederversammlung vom 30.06.2018 wurde folgender Vorstand gew\u00e4hlt:<\/p>\n<p>1. Vorsitzender : \u00a0Herr Dr. Chan Thong S\u00e9rey<br \/>\n2. Vorsitzender : \u00a0Herr Dr. Ludwig\u00a0 S\u00e9rey<br \/>\nGesch\u00e4ftsf\u00fchrer : Herr Frank Sch\u00f6ggl<br \/>\nKassenwart\u00a0\u00a0 \u00a0:\u00a0 Frau Christel Hahn<br \/>\nSchriftf\u00fchrer :\u00a0 Herr Walter Maschke<br \/>\nKassenpr\u00fcfer : \u00a0Frau Dr. Hiltrud Fichtner,\u00a0Frau Anja Chhim<\/p>\n","protected":false},"excerpt":{"rendered":"<p>Auf der Mitgliederversammlung vom 30.06.2018 wurde folgender Vorstand gew\u00e4hlt: 1. Vorsitzender : \u00a0Herr Dr. Chan Thong S\u00e9rey 2. Vorsitzender : \u00a0Herr Dr. Ludwig\u00a0 S\u00e9rey Gesch\u00e4ftsf\u00fchrer : Herr Frank Sch\u00f6ggl Kassenwart\u00a0\u00a0 \u00a0:\u00a0 Frau Christel Hahn Schriftf\u00fchrer :\u00a0 Herr Walter Maschke Kassenpr\u00fcfer : \u00a0Frau Dr. Hiltrud Fichtner,\u00a0Frau Anja Chhim<\/p>\n","protected":false},"author":1,"featured_media":0,"parent":392,"menu_order":999,"comment_status":"closed","ping_status":"closed","template":"","meta":{"footnotes":""},"class_list":["post-741","page","type-page","status-publish"],"_links":{"self":[{"href":"https:\/\/www.friedenshaus-kambodscha.org\/index.php?rest_route=\/wp\/v2\/pages\/741","targetHints":{"allow":["GET"]}}],"collection":[{"href":"https:\/\/www.friedenshaus-kambodscha.org\/index.php?rest_route=\/wp\/v2\/pages"}],"about":[{"href":"https:\/\/www.friedenshaus-kambodscha.org\/index.php?rest_route=\/wp\/v2\/types\/page"}],"author":[{"embeddable":true,"href":"https:\/\/www.friedenshaus-kambodscha.org\/index.php?rest_route=\/wp\/v2\/users\/1"}],"replies":[{"embeddable":true,"href":"https:\/\/www.friedenshaus-kambodscha.org\/index.php?rest_route=%2Fwp%2Fv2%2Fcomments&post=741"}],"version-history":[{"count":3,"href":"https:\/\/www.friedenshaus-kambodscha.org\/index.php?rest_route=\/wp\/v2\/pages\/741\/revisions"}],"predecessor-version":[{"id":956,"href":"https:\/\/www.friedenshaus-kambodscha.org\/index.php?rest_route=\/wp\/v2\/pages\/741\/revisions\/956"}],"up":[{"embeddable":true,"href":"https:\/\/www.friedenshaus-kambodscha.org\/index.php?rest_route=\/wp\/v2\/pages\/392"}],"wp:attachment":[{"href":"https:\/\/www.friedenshaus-kambodscha.org\/index.php?rest_route=%2Fwp%2Fv2%2Fmedia&parent=741"}],"curies":[{"name":"wp","href":"https:\/\/api.w.org\/{rel}","templated":true}]}}